{"id":2741,"date":"2023-12-09T18:16:53","date_gmt":"2023-12-09T17:16:53","guid":{"rendered":"https:\/\/helenelenoble.com\/?post_type=product&#038;p=2741"},"modified":"2025-12-28T10:46:50","modified_gmt":"2025-12-28T09:46:50","slug":"tirage-dart-chaperon-rouge-a5-a4-a3-2","status":"publish","type":"product","link":"https:\/\/helenelenoble.com\/en\/shop\/tirage-dart-chaperon-rouge-a5-a4-a3-2\/","title":{"rendered":"Art print Red Riding Hood A5 \u2013 A4 \u2013 A3"},"content":{"rendered":"<p>Beautifull high quality Art Print on Classic Demimatt paper, 300gr\/m2.<\/p>\n<hr \/>\n<p>3 formats available :<\/p>\n<p>A5 (14,8cm*21cm - 5,8 x 8,3 inches)<\/p>\n<p>A4 (21cm*29,7cm - 8.27 \u00d7 11.7 inches)<\/p>\n<p>A3 (29,7cm*42cm - 11,7 x 16,5 inches)<\/p>\n<hr \/>\n<p><em>This product is sold without frame.<\/em><\/p>\n<p><em>Ce tirage d\u2019art (A4 et A5) est livr\u00e9 sous pochette plastique, dans une enveloppe protectrice cartonn\u00e9e renforc\u00e9e.<\/em><\/p>\n<p><em>Tous les tirages d\u2019art A3 sont livr\u00e9s dans un tube protecteur.<\/em><\/p>\n<p><em>Please, note that colors may vary slightly due to monitor settings.<\/em><\/p>\n<p><em>Also note that depending on your country, customs fees may be required.<\/em><\/p>\n<p><em>Thanks for visiting my shop!<\/em><\/p>","protected":false},"excerpt":{"rendered":"<p>Beautifull high quality Art Print on Classic Demimatt paper, 300gr\/m2.<\/p>\n<hr \/>\n<p>3 formats available :<\/p>\n<p>A5 (10,5cm*21cm)<\/p>\n<p>A4 (21cm*29,7cm - 8.27 \u00d7 11.7 inches)<\/p>\n<p>A3 (29,7cm*42cm - 11,7 x 16,5 inches)<\/p>","protected":false},"featured_media":2688,"comment_status":"open","ping_status":"closed","template":"","meta":{"_kad_post_transparent":"default","_kad_post_title":"","_kad_post_layout":"default","_kad_post_sidebar_id":"","_kad_post_content_style":"default","_kad_post_vertical_padding":"default","_kad_post_feature":"","_kad_post_feature_position":"","_kad_post_header":false,"_kad_post_footer":false},"product_brand":[],"product_cat":[23,20],"product_tag":[],"class_list":{"0":"post-2741","1":"product","2":"type-product","3":"status-publish","4":"has-post-thumbnail","6":"product_cat-outlet","7":"product_cat-tirages-d-art","9":"first","10":"instock","11":"sale","12":"taxable","13":"shipping-taxable","14":"purchasable","15":"product-type-variable","16":"entry","17":"content-bg","18":"loop-entry"},"jetpack_sharing_enabled":true,"_links":{"self":[{"href":"https:\/\/helenelenoble.com\/en\/wp-json\/wp\/v2\/product\/2741","targetHints":{"allow":["GET"]}}],"collection":[{"href":"https:\/\/helenelenoble.com\/en\/wp-json\/wp\/v2\/product"}],"about":[{"href":"https:\/\/helenelenoble.com\/en\/wp-json\/wp\/v2\/types\/product"}],"replies":[{"embeddable":true,"href":"https:\/\/helenelenoble.com\/en\/wp-json\/wp\/v2\/comments?post=2741"}],"wp:featuredmedia":[{"embeddable":true,"href":"https:\/\/helenelenoble.com\/en\/wp-json\/wp\/v2\/media\/2688"}],"wp:attachment":[{"href":"https:\/\/helenelenoble.com\/en\/wp-json\/wp\/v2\/media?parent=2741"}],"wp:term":[{"taxonomy":"product_brand","embeddable":true,"href":"https:\/\/helenelenoble.com\/en\/wp-json\/wp\/v2\/product_brand?post=2741"},{"taxonomy":"product_cat","embeddable":true,"href":"https:\/\/helenelenoble.com\/en\/wp-json\/wp\/v2\/product_cat?post=2741"},{"taxonomy":"product_tag","embeddable":true,"href":"https:\/\/helenelenoble.com\/en\/wp-json\/wp\/v2\/product_tag?post=2741"}],"curies":[{"name":"wp","href":"https:\/\/api.w.org\/{rel}","templated":true}]}}