{"id":14,"date":"2021-07-17T16:39:13","date_gmt":"2021-07-17T14:39:13","guid":{"rendered":"https:\/\/helenelenoble.com\/?page_id=14"},"modified":"2026-02-02T14:54:19","modified_gmt":"2026-02-02T13:54:19","slug":"accueil","status":"publish","type":"page","link":"https:\/\/helenelenoble.com\/en\/","title":{"rendered":"Home"},"content":{"rendered":"<div data-elementor-type=\"wp-page\" data-elementor-id=\"14\" class=\"elementor elementor-14\">\n\t\t\t\t\t\t<section class=\"elementor-section elementor-top-section elementor-element elementor-element-6794d80 elementor-section-boxed elementor-section-height-default elementor-section-height-default\" data-id=\"6794d80\" data-element_type=\"section\" data-e-type=\"section\">\n\t\t\t\t\t\t<div class=\"elementor-container elementor-column-gap-default\">\n\t\t\t\t\t<div class=\"elementor-column elementor-col-100 elementor-top-column elementor-element elementor-element-7db78a4\" data-id=\"7db78a4\" data-element_type=\"column\" data-e-type=\"column\">\n\t\t\t<div class=\"elementor-widget-wrap elementor-element-populated\">\n\t\t\t\t\t\t<div class=\"elementor-element elementor-element-52d5f2a elementor-widget elementor-widget-spacer\" data-id=\"52d5f2a\" data-element_type=\"widget\" data-e-type=\"widget\" data-widget_type=\"spacer.default\">\n\t\t\t\t<div class=\"elementor-widget-container\">\n\t\t\t\t\t\t\t<div class=\"elementor-spacer\">\n\t\t\t<div class=\"elementor-spacer-inner\"><\/div>\n\t\t<\/div>\n\t\t\t\t\t\t<\/div>\n\t\t\t\t<\/div>\n\t\t\t\t<div class=\"elementor-element elementor-element-27697c7 elementor-widget elementor-widget-image\" data-id=\"27697c7\" data-element_type=\"widget\" data-e-type=\"widget\" data-widget_type=\"image.default\">\n\t\t\t\t<div class=\"elementor-widget-container\">\n\t\t\t\t\t\t\t\t\t\t\t\t\t\t\t<img fetchpriority=\"high\" decoding=\"async\" width=\"1476\" height=\"720\" src=\"https:\/\/helenelenoble.com\/wp-content\/uploads\/2021\/08\/image-accueil-anglais-optimise.jpg\" class=\"attachment-full size-full wp-image-1740\" alt=\"\" srcset=\"https:\/\/helenelenoble.com\/wp-content\/uploads\/2021\/08\/image-accueil-anglais-optimise.jpg 1476w, https:\/\/helenelenoble.com\/wp-content\/uploads\/2021\/08\/image-accueil-anglais-optimise-300x146.jpg 300w, https:\/\/helenelenoble.com\/wp-content\/uploads\/2021\/08\/image-accueil-anglais-optimise-1024x500.jpg 1024w, https:\/\/helenelenoble.com\/wp-content\/uploads\/2021\/08\/image-accueil-anglais-optimise-768x375.jpg 768w, https:\/\/helenelenoble.com\/wp-content\/uploads\/2021\/08\/image-accueil-anglais-optimise-18x9.jpg 18w, https:\/\/helenelenoble.com\/wp-content\/uploads\/2021\/08\/image-accueil-anglais-optimise-600x293.jpg 600w\" sizes=\"(max-width: 1476px) 100vw, 1476px\" \/>\t\t\t\t\t\t\t\t\t\t\t\t\t\t\t<\/div>\n\t\t\t\t<\/div>\n\t\t\t\t\t<\/div>\n\t\t<\/div>\n\t\t\t\t\t<\/div>\n\t\t<\/section>\n\t\t\t\t<section class=\"elementor-section elementor-top-section elementor-element elementor-element-04230b1 elementor-section-boxed elementor-section-height-default elementor-section-height-default\" data-id=\"04230b1\" data-element_type=\"section\" data-e-type=\"section\" data-settings=\"{&quot;background_background&quot;:&quot;classic&quot;}\">\n\t\t\t\t\t\t<div class=\"elementor-container elementor-column-gap-default\">\n\t\t\t\t\t<div class=\"elementor-column elementor-col-100 elementor-top-column elementor-element elementor-element-c9517e8\" data-id=\"c9517e8\" data-element_type=\"column\" data-e-type=\"column\">\n\t\t\t<div class=\"elementor-widget-wrap elementor-element-populated\">\n\t\t\t\t\t\t<div class=\"elementor-element elementor-element-e42f325 elementor-widget elementor-widget-heading\" data-id=\"e42f325\" data-element_type=\"widget\" data-e-type=\"widget\" data-widget_type=\"heading.default\">\n\t\t\t\t<div class=\"elementor-widget-container\">\n\t\t\t\t\t<h1 class=\"elementor-heading-title elementor-size-default\">News<\/h1>\t\t\t\t<\/div>\n\t\t\t\t<\/div>\n\t\t\t\t<section class=\"elementor-section elementor-inner-section elementor-element elementor-element-1fea43d elementor-section-boxed elementor-section-height-default elementor-section-height-default\" data-id=\"1fea43d\" data-element_type=\"section\" data-e-type=\"section\">\n\t\t\t\t\t\t<div class=\"elementor-container elementor-column-gap-default\">\n\t\t\t\t\t<div class=\"elementor-column elementor-col-50 elementor-inner-column elementor-element elementor-element-57b3de8\" data-id=\"57b3de8\" data-element_type=\"column\" data-e-type=\"column\">\n\t\t\t<div class=\"elementor-widget-wrap elementor-element-populated\">\n\t\t\t\t\t\t\t<\/div>\n\t\t<\/div>\n\t\t\t\t<div class=\"elementor-column elementor-col-50 elementor-inner-column elementor-element elementor-element-124f809\" data-id=\"124f809\" data-element_type=\"column\" data-e-type=\"column\">\n\t\t\t<div class=\"elementor-widget-wrap elementor-element-populated\">\n\t\t\t\t\t\t<div class=\"elementor-element elementor-element-4c1572e elementor-widget elementor-widget-heading\" data-id=\"4c1572e\" data-element_type=\"widget\" data-e-type=\"widget\" data-widget_type=\"heading.default\">\n\t\t\t\t<div class=\"elementor-widget-container\">\n\t\t\t\t\t<h2 class=\"elementor-heading-title elementor-size-default\">Festivals and conventions<\/h2>\t\t\t\t<\/div>\n\t\t\t\t<\/div>\n\t\t\t\t<div class=\"elementor-element elementor-element-deb8748 elementor-widget-divider--view-line elementor-widget elementor-widget-divider\" data-id=\"deb8748\" data-element_type=\"widget\" data-e-type=\"widget\" data-widget_type=\"divider.default\">\n\t\t\t\t<div class=\"elementor-widget-container\">\n\t\t\t\t\t\t\t<div class=\"elementor-divider\">\n\t\t\t<span class=\"elementor-divider-separator\">\n\t\t\t\t\t\t<\/span>\n\t\t<\/div>\n\t\t\t\t\t\t<\/div>\n\t\t\t\t<\/div>\n\t\t\t\t<div class=\"elementor-element elementor-element-16f03ae elementor-widget elementor-widget-heading\" data-id=\"16f03ae\" data-element_type=\"widget\" data-e-type=\"widget\" data-widget_type=\"heading.default\">\n\t\t\t\t<div class=\"elementor-widget-container\">\n\t\t\t\t\t<h2 class=\"elementor-heading-title elementor-size-default\">F\u00e9vrier 2026 - Mai 2026<\/h2>\t\t\t\t<\/div>\n\t\t\t\t<\/div>\n\t\t\t\t<div class=\"elementor-element elementor-element-4411156 elementor-widget elementor-widget-text-editor\" data-id=\"4411156\" data-element_type=\"widget\" data-e-type=\"widget\" data-widget_type=\"text-editor.default\">\n\t\t\t\t<div class=\"elementor-widget-container\">\n\t\t\t\t\t\t\t\t\t<ul><li>Les Portails de l&rsquo;Imaginaire, 7-8 f\u00e9vrier, Mouscron, Belgique<\/li><li>Made in Asia, 27 f\u00e9vrier &#8211; 1er mars, Bruxelles, Belgique<\/li><li>Yggdrasil, 7-8 mars, Lyon, France<\/li><li>Leipzig Bookfair, 19-22 mars, Leipzig, Allemagne<\/li><li>Japan Day Luxembourg, 28-29 mars, Luxembourg, Luxembourg<\/li><li>Trolls et L\u00e9gendes, 4-5 avril, Mons, Belgique<\/li><li>Libramont Tattoo Convention, 10-12 avril, Libramont, Belgique<\/li><li>L&rsquo;Or\u00e9e des L\u00e9gendes, 18-19 avril, Montherm\u00e9, France<\/li><li>Echo et Merveilles, 14-17 mai, Toulouse, France<\/li><li>Fenrir, 23-24 mai, Liffr\u00e9, France<\/li><li>Les Imaginales, 28-31 mai, Epinal, France<\/li><\/ul>\t\t\t\t\t\t\t\t<\/div>\n\t\t\t\t<\/div>\n\t\t\t\t\t<\/div>\n\t\t<\/div>\n\t\t\t\t\t<\/div>\n\t\t<\/section>\n\t\t\t\t<div class=\"elementor-element elementor-element-2ca3f16 elementor-widget elementor-widget-spacer\" data-id=\"2ca3f16\" data-element_type=\"widget\" data-e-type=\"widget\" data-widget_type=\"spacer.default\">\n\t\t\t\t<div class=\"elementor-widget-container\">\n\t\t\t\t\t\t\t<div class=\"elementor-spacer\">\n\t\t\t<div class=\"elementor-spacer-inner\"><\/div>\n\t\t<\/div>\n\t\t\t\t\t\t<\/div>\n\t\t\t\t<\/div>\n\t\t\t\t<div class=\"elementor-element elementor-element-3779749 elementor-widget elementor-widget-shortcode\" data-id=\"3779749\" data-element_type=\"widget\" data-e-type=\"widget\" data-widget_type=\"shortcode.default\">\n\t\t\t\t<div class=\"elementor-widget-container\">\n\t\t\t\t\t\t\t<div class=\"elementor-shortcode\"><script>(function() {\n\twindow.mc4wp = window.mc4wp || {\n\t\tlisteners: [],\n\t\tforms: {\n\t\t\ton: function(evt, cb) {\n\t\t\t\twindow.mc4wp.listeners.push(\n\t\t\t\t\t{\n\t\t\t\t\t\tevent   : evt,\n\t\t\t\t\t\tcallback: cb\n\t\t\t\t\t}\n\t\t\t\t);\n\t\t\t}\n\t\t}\n\t}\n})();\n<\/script><!-- Mailchimp for WordPress v4.12.2 - https:\/\/wordpress.org\/plugins\/mailchimp-for-wp\/ --><form id=\"mc4wp-form-1\" class=\"mc4wp-form mc4wp-form-1986\" method=\"post\" data-id=\"1986\" data-name=\"Newsletter bas de page\" action=\"\" ><div class=\"mc4wp-form-fields\"><p>\r\n    <label><\/label>\r\n    <input type=\"email\" name=\"EMAIL\"\r\n    placeholder=\"Your e-mail\" required=\"\">\r\n<\/p>\r\n\r\n\r\n\r\n\r\n<p>\r\n\t<input type=\"submit\" value=\"Subscribe to the newsletter\" \/>\r\n<\/p><\/div><label style=\"display: none !important;\">Leave this field empty if you're human: <input type=\"text\" name=\"_mc4wp_honeypot\" value=\"\" tabindex=\"-1\" autocomplete=\"off\" \/><\/label><input type=\"hidden\" name=\"_mc4wp_timestamp\" value=\"1776760886\" \/><input type=\"hidden\" name=\"_mc4wp_form_id\" value=\"1986\" \/><input type=\"hidden\" name=\"_mc4wp_form_element_id\" value=\"mc4wp-form-1\" \/><div class=\"mc4wp-response\"><\/div><input type=\"hidden\" name=\"trp-form-language\" value=\"en\"\/><\/form><!-- \/ Mailchimp for WordPress Plugin --><\/div>\n\t\t\t\t\t\t<\/div>\n\t\t\t\t<\/div>\n\t\t\t\t<div class=\"elementor-element elementor-element-ed4ffab elementor-widget elementor-widget-spacer\" data-id=\"ed4ffab\" data-element_type=\"widget\" data-e-type=\"widget\" data-widget_type=\"spacer.default\">\n\t\t\t\t<div class=\"elementor-widget-container\">\n\t\t\t\t\t\t\t<div class=\"elementor-spacer\">\n\t\t\t<div class=\"elementor-spacer-inner\"><\/div>\n\t\t<\/div>\n\t\t\t\t\t\t<\/div>\n\t\t\t\t<\/div>\n\t\t\t\t\t<\/div>\n\t\t<\/div>\n\t\t\t\t\t<\/div>\n\t\t<\/section>\n\t\t\t\t<\/div>","protected":false},"excerpt":{"rendered":"<p>Actualit\u00e9 Festivals et conventions F\u00e9vrier 2026 &#8211; Mai 2026 Les Portails de l&rsquo;Imaginaire, 7-8 f\u00e9vrier, Mouscron, Belgique Made in Asia, 27 f\u00e9vrier &#8211; 1er mars, Bruxelles, Belgique Yggdrasil, 7-8 mars, Lyon, France Leipzig Bookfair, 19-22 mars, Leipzig, Allemagne Japan Day Luxembourg, 28-29 mars, Luxembourg, Luxembourg Trolls et L\u00e9gendes, 4-5 avril, Mons, Belgique Libramont Tattoo Convention,&#8230;<\/p>","protected":false},"author":1,"featured_media":0,"parent":0,"menu_order":0,"comment_status":"closed","ping_status":"closed","template":"","meta":{"_kad_post_transparent":"","_kad_post_title":"hide","_kad_post_layout":"fullwidth","_kad_post_sidebar_id":"","_kad_post_content_style":"unboxed","_kad_post_vertical_padding":"hide","_kad_post_feature":"hide","_kad_post_feature_position":"","_kad_post_header":false,"_kad_post_footer":false,"footnotes":""},"class_list":["post-14","page","type-page","status-publish","hentry"],"jetpack_sharing_enabled":true,"_links":{"self":[{"href":"https:\/\/helenelenoble.com\/en\/wp-json\/wp\/v2\/pages\/14","targetHints":{"allow":["GET"]}}],"collection":[{"href":"https:\/\/helenelenoble.com\/en\/wp-json\/wp\/v2\/pages"}],"about":[{"href":"https:\/\/helenelenoble.com\/en\/wp-json\/wp\/v2\/types\/page"}],"author":[{"embeddable":true,"href":"https:\/\/helenelenoble.com\/en\/wp-json\/wp\/v2\/users\/1"}],"replies":[{"embeddable":true,"href":"https:\/\/helenelenoble.com\/en\/wp-json\/wp\/v2\/comments?post=14"}],"version-history":[{"count":754,"href":"https:\/\/helenelenoble.com\/en\/wp-json\/wp\/v2\/pages\/14\/revisions"}],"predecessor-version":[{"id":3301,"href":"https:\/\/helenelenoble.com\/en\/wp-json\/wp\/v2\/pages\/14\/revisions\/3301"}],"wp:attachment":[{"href":"https:\/\/helenelenoble.com\/en\/wp-json\/wp\/v2\/media?parent=14"}],"curies":[{"name":"wp","href":"https:\/\/api.w.org\/{rel}","templated":true}]}}